{"id":7,"date":"2018-10-30T15:43:18","date_gmt":"2018-10-30T15:43:18","guid":{"rendered":"https:\/\/www.saiebari.it\/?page_id=7"},"modified":"2026-02-16T09:45:52","modified_gmt":"2026-02-16T09:45:52","slug":"home-page","status":"publish","type":"page","link":"https:\/\/saiebari-staging2026.senaf.it\/it\/","title":{"rendered":"Home page"},"content":{"rendered":"[vc_row][vc_column][vc_row_inner equal_height=&#8221;yes&#8221;][vc_column_inner width=&#8221;1\/2&#8243;][vc_column_text el_class=&#8221;py-2 px-3&#8243;]\n<h3 style=\"text-align: center\"><span style=\"color: #000000;font-size: 39px\">NUOVE SOLUZIONI PER I PROFESSIONISTI DEL CANTIERE<\/span><\/h3>\n<p style=\"text-align: center\"><span style=\"font-size: 24px;line-height: 20px;color: #000000\">SAIE \u00e8 la fiera che <strong>rappresenta la pi\u00f9 grande community di imprese<\/strong>, <strong>professionisti<\/strong> e <strong>associazioni del settore delle costruzioni.<\/strong><\/span><\/p>\n<p style=\"text-align: center\"><span style=\"font-size: 20px;line-height: 20px;color: #000000\">Partecipare a SAIE \u00e8 sinonimo di tante opportunit\u00e0. Un <strong>forte moltiplicatore commerciale<\/strong>; un momento di aggiornamento professionale; un appuntamento per scoprire l\u2019eccellenza di tutta la filiera attraverso <strong>percorsi<\/strong> dedicati ai temi chiave della <strong>sostenibilit\u00e0<\/strong>, dell\u2019<strong>innovazione<\/strong>, dell\u2019<strong>efficienza energetica, <\/strong>della<strong> sicurezza <\/strong>e della <strong>trasformazione digitale<\/strong>.<\/span><\/p>\n[\/vc_column_text][vc_column_text el_class=&#8221;text-center&#8221;]\n<p style=\"text-align: center\"><span style=\"font-size: 24px;line-height: 20px;color: #000000\">La quarta edizione di SAIE <strong>Bari<\/strong> si \u00e8 tenuta <strong>dal 23 al 25 ottobre. <\/strong>Una fiera in<strong> costante crescita <\/strong>con\u00a0un <strong>format arricchito<\/strong> di <strong>aziende, contenuti e iniziative<\/strong>\u00a0<\/span><\/p>\n<p style=\"text-align: center\"><a class=\"btn btn-primary btn-lg my-1\" href=\"https:\/\/www.saiebari.it\/it\/contatti\/\">Richiedi Informazioni \u00bb<\/a><\/p>\n[\/vc_column_text][\/vc_column_inner][vc_column_inner width=&#8221;1\/2&#8243;][vc_single_image image=&#8221;8372&#8243; img_size=&#8221;full&#8221; alignment=&#8221;center&#8221; style=&#8221;vc_box_shadow&#8221;][vc_raw_js]JTNDc2NyaXB0JTNFJTBBalF1ZXJ5JTI4ZG9jdW1lbnQlMjkucmVhZHklMjhmdW5jdGlvbiUyOCUyNCUyOSU3QiUwQSUyMCUyMHZhciUyMHFzJTIwJTNEJTIwd2luZG93LmxvY2F0aW9uLnNlYXJjaCUzQiUwQSUyMCUyMGlmJTI4JTIxcXMlMjklMjByZXR1cm4lM0IlMEElMEElMjAlMjAlMkYlMkYlMjBTZWxlemlvbmElMjBzaWElMjAlM0NhLmxpbmstcGFyYW1ldGVycyUzRSUyMGNoZSUyMCUzQy5saW5rLXBhcmFtZXRlcnMlMjBhJTNFJTBBJTIwJTIwJTI0JTI4JTIyLmxpbmstcGFyYW1ldGVycyUyMGElMkMlMjBhLmxpbmstcGFyYW1ldGVycyUyMiUyOS5lYWNoJTI4ZnVuY3Rpb24lMjglMjklN0IlMEElMjAlMjAlMjAlMjB2YXIlMjAlMjRhJTIwJTNEJTIwJTI0JTI4dGhpcyUyOSUzQiUwQSUyMCUyMCUyMCUyMHZhciUyMGhyZWYlMjAlM0QlMjAlMjRhLmF0dHIlMjglMjJocmVmJTIyJTI5JTIwJTdDJTdDJTIwJTIyJTIyJTNCJTBBJTBBJTIwJTIwJTIwJTIwJTJGJTJGJTIwZXZpdGElMjBkaSUyMGR1cGxpY2FyZSUyMGklMjBwYXJhbWV0cmklMEElMjAlMjAlMjAlMjBpZiUyOGhyZWYuaW5kZXhPZiUyOHFzJTI5JTIwJTIxJTNEJTNEJTIwLTElMjklMjByZXR1cm4lM0IlMEElMEElMjAlMjAlMjAlMjAlMkYlMkYlMjBnZXN0aXNjaSUyMGV2ZW50dWFsZSUyMGhhc2glMEElMjAlMjAlMjAlMjB2YXIlMjBoYXNoJTIwJTNEJTIwJTIyJTIyJTNCJTBBJTIwJTIwJTIwJTIwdmFyJTIwaGFzaEluZGV4JTIwJTNEJTIwaHJlZi5pbmRleE9mJTI4JTIyJTIzJTIyJTI5JTNCJTBBJTIwJTIwJTIwJTIwaWYlMjhoYXNoSW5kZXglMjAlMjElM0QlM0QlMjAtMSUyOSU3QiUwQSUyMCUyMCUyMCUyMCUyMCUyMGhhc2glMjAlM0QlMjBocmVmLnN1YnN0cmluZyUyOGhhc2hJbmRleCUyOSUzQiUwQSUyMCUyMCUyMCUyMCUyMCUyMGhyZWYlMjAlM0QlMjBocmVmLnN1YnN0cmluZyUyODAlMkMlMjBoYXNoSW5kZXglMjklM0IlMEElMjAlMjAlMjAlMjAlN0QlMEElMEElMjAlMjAlMjAlMjAlMkYlMkYlMjBzZSUyMGlsJTIwbGluayUyMGNvbnRpZW5lJTIwZ2klQzMlQTAlMjB1biUyMCUyNyUzRiUyNyUyQyUyMHVzYSUyMCUyNyUyNiUyNyUwQSUyMCUyMCUyMCUyMHZhciUyMHN1ZmZpeCUyMCUzRCUyMHFzJTNCJTBBJTIwJTIwJTIwJTIwaWYlMjhocmVmLmluZGV4T2YlMjglMjIlM0YlMjIlMjklMjAlMjElM0QlM0QlMjAtMSUyOSU3QiUwQSUyMCUyMCUyMCUyMCUyMCUyMHN1ZmZpeCUyMCUzRCUyMHFzLnJlcGxhY2UlMjglMjIlM0YlMjIlMkMlMjAlMjIlMjYlMjIlMjklM0IlMEElMjAlMjAlMjAlMjAlN0QlMEElMEElMjAlMjAlMjAlMjB2YXIlMjBuZXdIcmVmJTIwJTNEJTIwaHJlZiUyMCUyQiUyMHN1ZmZpeCUyMCUyQiUyMGhhc2glM0IlMEElMjAlMjAlMjAlMjAlMjRhLmF0dHIlMjglMjJocmVmJTIyJTJDJTIwbmV3SHJlZiUyOSUzQiUwQSUyMCUyMCU3RCUyOSUzQiUwQSUwQSUyMCUyMCUyRiUyRiUyMGFuY2hlJTIwcXVlc3RpJTIwZHVlJTIwZGl2ZW50YW5vJTIwcGklQzMlQjklMjBjb21wYXR0aSUyMGUlMjBzaWN1cmklMEElMjAlMjAlMjQlMjglMjIlMjNoZXJvJTIwYS5idG4ub3V0bGluZXclMjIlMjkuZWFjaCUyOGZ1bmN0aW9uJTI4JTI5JTdCJTBBJTIwJTIwJTIwJTIwdmFyJTIwaHJlZiUyMCUzRCUyMCUyNCUyOHRoaXMlMjkuYXR0ciUyOCUyMmhyZWYlMjIlMjklM0IlMEElMjAlMjAlMjAlMjBpZiUyOGhyZWYlMjklMjAlMjQlMjh0aGlzJTI5LmF0dHIlMjglMjJocmVmJTIyJTJDJTIwaHJlZiUyMCUyQiUyMHdpbmRvdy5sb2NhdGlvbi5zZWFyY2glMjklM0IlMEElMjAlMjAlN0QlMjklM0IlMEElMEElMjAlMjAlMjQlMjglMjIlMjNoZXJvJTIwYS5idG4lM0Fub3QlMjgub3V0bGluZXclMjklMjIlMjkuZWFjaCUyOGZ1bmN0aW9uJTI4JTI5JTdCJTBBJTIwJTIwJTIwJTIwdmFyJTIwaHJlZiUyMCUzRCUyMCUyNCUyOHRoaXMlMjkuYXR0ciUyOCUyMmhyZWYlMjIlMjklM0IlMEElMjAlMjAlMjAlMjBpZiUyOGhyZWYlMjklMjAlMjQlMjh0aGlzJTI5LmF0dHIlMjglMjJocmVmJTIyJTJDJTIwaHJlZiUyMCUyQiUyMHdpbmRvdy5sb2NhdGlvbi5zZWFyY2glMjklM0IlMEElMjAlMjAlN0QlMjklM0IlMEElMEElN0QlMjklM0IlMEElM0MlMkZzY3JpcHQlM0UlMEE=[\/vc_raw_js][\/vc_column_inner][\/vc_row_inner][\/vc_column][\/vc_row][vc_row css=&#8221;.vc_custom_1765276934345{background-image: url(\/public\/uploads\/sites\/13\/SFONDO_Banner_Convegno_Bari_2026-scaled.jpg?id=23934) !important;background-position: center !important;background-repeat: no-repeat !important;background-size: cover !important;}&#8221; el_class=&#8221;my-1&#8243;][vc_column][vc_column_text]\n<h3 style=\"text-align: center\"><strong><span style=\"color: #000000\">CONVEGNO SAIE 2026<\/span><\/strong><span style=\"color: #000000\"><br \/>\n<\/span><\/h3>\n<h5 style=\"text-align: center\"><strong>RIGENERAZIONE URBANA: TRA BENESSERE ABITATIVO E SICUREZZA STRUTTURALE<br \/>\n<\/strong><\/h5>\n<h5 style=\"text-align: center\">BARI <span style=\"color: #eb5b37\">|<\/span> 3\/4 NOVEMBRE 2026<\/h5>\n<p style=\"text-align: center\"><a class=\"btn btn-lg btn-primary\" href=\"https:\/\/www.saiebari.it\/it\/convegno-rigenerazione-urbana\/\" target=\"_blank\" rel=\"noopener\">Richiedi informazioni<\/a><\/p>\n[\/vc_column_text][\/vc_column][\/vc_row][vc_row css=&#8221;.vc_custom_1765276938470{background-image: url(\/public\/uploads\/sites\/13\/home.png?id=3400) !important;}&#8221; el_class=&#8221;my-1&#8243;][vc_column][vc_column_text]\n<h5 style=\"text-align: center\"><span style=\"color: #ffffff\"><em>I numeri di SAIE Bari 2025<\/em><\/span><\/h5>\n[\/vc_column_text][vc_row_inner][vc_column_inner width=&#8221;1\/4&#8243;][vc_column_text]\n<div class=\"big-number\" style=\"text-align: center\"><span style=\"color: #ffffff\"><strong><span style=\"font-size: 72px\">31.728<\/span><\/strong><\/span><\/div>\n<div class=\"big-number\" style=\"text-align: center\"><span style=\"color: #ffffff\"><strong><span style=\"font-size: 32px\">presenze professionali<\/span><\/strong><\/span><\/div>\n<p style=\"text-align: center\"><em><span style=\"color: #ffffff\">(+24% rispetto al 2023)<\/span><\/em><\/p>\n[\/vc_column_text][\/vc_column_inner][vc_column_inner width=&#8221;1\/4&#8243;][vc_column_text]\n<div class=\"big-number\" style=\"text-align: center\"><span style=\"color: #ffffff\"><strong><span style=\"font-size: 72px\">512<\/span><\/strong><\/span><\/div>\n<div class=\"big-number\" style=\"text-align: center\"><span style=\"color: #ffffff\"><strong><span style=\"font-size: 32px\">espositori<\/span><\/strong><\/span><\/div>\n<p style=\"text-align: center\"><em><span style=\"color: #ffffff\">(+3 padiglioni rispetto al 2023)<\/span><\/em><\/p>\n[\/vc_column_text][\/vc_column_inner][vc_column_inner width=&#8221;1\/4&#8243;][vc_column_text]\n<div class=\"big-number\" style=\"text-align: center\"><span style=\"color: #ffffff\"><strong><span style=\"font-size: 72px\">147<\/span><\/strong><\/span><\/div>\n<div class=\"big-number\" style=\"text-align: center\"><span style=\"color: #ffffff\"><strong><span style=\"font-size: 32px\">convegni e workshop<\/span><\/strong><\/span><\/div>\n[\/vc_column_text][\/vc_column_inner][vc_column_inner width=&#8221;1\/4&#8243;][vc_column_text]\n<div class=\"big-number\" style=\"text-align: center\"><span style=\"color: #ffffff\"><strong><span style=\"font-size: 72px\">80<\/span><\/strong><\/span><\/div>\n<div class=\"big-number\" style=\"text-align: center\"><span style=\"color: #ffffff\"><strong><span style=\"font-size: 32px\">associazioni partner<\/span><\/strong><\/span><\/div>\n[\/vc_column_text][\/vc_column_inner][\/vc_row_inner][\/vc_column][\/vc_row][vc_row][vc_column][vc_empty_space height=&#8221;12px&#8221;][\/vc_column][\/vc_row][vc_row equal_height=&#8221;yes&#8221; css=&#8221;.vc_custom_1721894397704{border-bottom-width: 4px !important;border-bottom-color: #ffffff !important;border-bottom-style: solid !important;}&#8221;][vc_column width=&#8221;1\/3&#8243; css=&#8221;.vc_custom_1716297599644{border-top-width: 2px !important;border-right-width: 3px !important;background-color: #f8b43f !important;border-right-color: #ffffff !important;border-right-style: solid !important;border-top-color: #ffffff !important;border-top-style: solid !important;}&#8221;][vc_column_text el_class=&#8221;text-center px-lg-2&#8243;]\n<h4 style=\"text-align: center\"><strong><span style=\"color: #000000\">Catalogo Espositori<br \/>\n<\/span><\/strong><\/h4>\n<p style=\"text-align: center\"><strong>Le aziende che hanno scelto di esporre all\u2019edizione 2025 di SAIE<\/strong><\/p>\n[\/vc_column_text][vc_btn title=&#8221;<b>Vai all&#8217;elenco espositori 2025<\/b>&#8221; style=&#8221;outline&#8221; color=&#8221;black&#8221; align=&#8221;center&#8221; i_align=&#8221;right&#8221; i_icon_fontawesome=&#8221;fas fa-angle-right&#8221; add_icon=&#8221;true&#8221; link=&#8221;url:https%3A%2F%2Fespositori.saiebari.it%2Fportale%2Fit%2Fespositori|target:_blank&#8221; el_class=&#8221;link-parameters&#8221;][\/vc_column][vc_column width=&#8221;1\/3&#8243; css=&#8221;.vc_custom_1721895753132{border-top-width: 2px !important;background-image: url(\/public\/uploads\/sites\/9\/percorsi.jpg?id=25357) !important;background-position: center !important;background-repeat: no-repeat !important;background-size: cover !important;border-top-color: #ffffff !important;border-top-style: solid !important;}&#8221; offset=&#8221;vc_hidden-sm&#8221;][vc_empty_space height=&#8221;218px&#8221;][\/vc_column][vc_column width=&#8221;1\/3&#8243; css=&#8221;.vc_custom_1716297620061{border-top-width: 2px !important;border-left-width: 3px !important;background-color: #f8b43f !important;border-left-color: #ffffff !important;border-left-style: solid !important;border-top-color: #ffffff !important;border-top-style: solid !important;}&#8221;][vc_column_text el_class=&#8221;text-center px-lg-2 my-1&#8243;]\n<h4 style=\"text-align: center\"><strong><span style=\"color: #000000\">SAIE Bologna 2026<\/span><\/strong><\/h4>\n<p style=\"text-align: center\"><strong>Scopri di pi\u00f9 sulla prossima edizione<\/strong><\/p>\n[\/vc_column_text][vc_btn title=&#8221;<b>Vai al sito<\/b>&#8221; style=&#8221;outline&#8221; color=&#8221;black&#8221; align=&#8221;center&#8221; i_align=&#8221;right&#8221; i_icon_fontawesome=&#8221;fas fa-angle-right&#8221; add_icon=&#8221;true&#8221; link=&#8221;url:https%3A%2F%2Fwww.saiebologna.it%2Fit%2F|target:_blank&#8221; el_class=&#8221;link-parameters&#8221;][\/vc_column][\/vc_row][vc_row disable_element=&#8221;yes&#8221; css=&#8221;.vc_custom_1752745998338{margin-bottom: 4px !important;background: #eb5b37 url(\/public\/uploads\/sites\/13\/OSSERVATORIO-1.png?id=18511) !important;background-position: center !important;background-repeat: no-repeat !important;background-size: cover !important;}&#8221;][vc_column][vc_column_text el_class=&#8221;text-center px-lg-2 my-1&#8243;]\n<h4 style=\"text-align: center\"><span style=\"color: #ffffff\"><strong>Osservatorio SAIE<\/strong><\/span><\/h4>\n[\/vc_column_text][vc_btn title=&#8221;<b>Scopri l\u2019andamento dell\u2019industria italiana delle Costruzioni<\/b>&#8221; style=&#8221;outline&#8221; color=&#8221;white&#8221; align=&#8221;center&#8221; i_align=&#8221;right&#8221; i_icon_fontawesome=&#8221;fas fa-angle-right&#8221; add_icon=&#8221;true&#8221; link=&#8221;url:https%3A%2F%2Fwww.saiebari.it%2Fit%2Fosservatorio%2Fwave-giugno-2025%2F&#8221; el_class=&#8221;link-parameters&#8221;][\/vc_column][\/vc_row][vc_row equal_height=&#8221;yes&#8221;][vc_column width=&#8221;1\/3&#8243; css=&#8221;.vc_custom_1716297594619{border-right-width: 3px !important;border-bottom-width: 2px !important;background-image: url(\/public\/uploads\/sites\/9\/SAIE1.png?id=22561) !important;background-position: center !important;background-repeat: no-repeat !important;background-size: cover !important;border-right-color: #ffffff !important;border-right-style: solid !important;border-bottom-color: #ffffff !important;border-bottom-style: solid !important;}&#8221; offset=&#8221;vc_hidden-sm&#8221;][vc_empty_space height=&#8221;218px&#8221;][\/vc_column][vc_column width=&#8221;1\/3&#8243; css=&#8221;.vc_custom_1716297152914{border-bottom-width: 2px !important;background-color: #f8b43f !important;border-bottom-color: #ffffff !important;border-bottom-style: solid !important;}&#8221;][vc_column_text el_class=&#8221;text-center px-lg-2&#8243;]\n<h4 style=\"text-align: center\"><strong><span style=\"color: #000000\">Iniziative Speciali<\/span><\/strong><\/h4>\n<p style=\"text-align: center\"><strong>Aree dimostrative, corsi e momenti di approfondimento tecnologico<\/strong><\/p>\n[\/vc_column_text][vc_btn title=&#8221;<b>Scopri di pi\u00f9<\/b>&#8221; style=&#8221;outline&#8221; color=&#8221;black&#8221; align=&#8221;center&#8221; i_align=&#8221;right&#8221; i_icon_fontawesome=&#8221;fas fa-angle-right&#8221; add_icon=&#8221;true&#8221; link=&#8221;url:https%3A%2F%2Fwww.saiebari.it%2Fit%2Finiziative-speciali%2F&#8221; el_class=&#8221;link-parameters&#8221;][\/vc_column][vc_column width=&#8221;1\/3&#8243; css=&#8221;.vc_custom_1716297613668{border-bottom-width: 2px !important;border-left-width: 3px !important;background-image: url(\/public\/uploads\/sites\/9\/saie2.png?id=22563) !important;background-position: center !important;background-repeat: no-repeat !important;background-size: cover !important;border-left-color: #ffffff !important;border-left-style: solid !important;border-bottom-color: #ffffff !important;border-bottom-style: solid !important;}&#8221; offset=&#8221;vc_hidden-sm&#8221;][vc_empty_space height=&#8221;218px&#8221;][\/vc_column][\/vc_row][vc_row equal_height=&#8221;yes&#8221;][vc_column width=&#8221;1\/2&#8243; el_class=&#8221;full-box&#8221;][vc_column_text css_animation=&#8221;none&#8221; el_class=&#8221;py-2 px-3 py-sm-3 px-sm-5 bg-darker&#8221; css=&#8221;.vc_custom_1759871196999{margin-bottom: 0px !important;background-image: url(\/public\/uploads\/sites\/13\/ESPORRE_HP.png?id=16141) !important;background-position: center !important;background-repeat: no-repeat !important;background-size: contain !important;}&#8221;]\n<h3 style=\"text-align: center\">Interessato ad esporre?<\/h3>\n<p style=\"text-align: center\">La nostra segreteria espositori, oltre a fornire tutte le informazioni utili per prendere parte alla fiera, pu\u00f2 formulare progetti di partecipazione personalizzati.<\/p>\n<p style=\"text-align: center\"><a class=\"link-parameters btn btn-primary btn-lg my-1\" href=\"\/it\/perche-esporre\/\">Scopri di pi\u00f9 \u00bb<\/a><\/p>\n[\/vc_column_text][\/vc_column][vc_column width=&#8221;1\/2&#8243; el_class=&#8221;full-box&#8221;][vc_column_text css_animation=&#8221;none&#8221; el_class=&#8221;py-2 px-3 py-sm-3 px-sm-5 bg-darker&#8221; css=&#8221;.vc_custom_1759871205767{margin-bottom: 0px !important;background-image: url(\/public\/uploads\/sites\/13\/VISITARE_HP.png?id=16143) !important;background-position: center !important;background-repeat: no-repeat !important;background-size: contain !important;}&#8221;]\n<h3 style=\"text-align: center\">Interessato a\u00a0visitare?<\/h3>\n<p style=\"text-align: center\" align=\"center\">Se desideri ricevere informazioni per organizzare la tua visita in fiera, il nostro ufficio visitatori \u00e8 a tua disposizione per fornirti tutto il supporto necessario.<u><\/u><\/p>\n<p style=\"text-align: center\"><a class=\"link-parameters btn btn-primary btn-lg my-1\" href=\"\/it\/visitatori\/\">Scopri di pi\u00f9 \u00bb<\/a><\/p>\n[\/vc_column_text][\/vc_column][\/vc_row][vc_row el_class=&#8221;my-1&#8243;][vc_column width=&#8221;1\/6&#8243;][\/vc_column][vc_column width=&#8221;2\/3&#8243;][vc_empty_space][vc_row_inner][vc_column_inner width=&#8221;1\/3&#8243;][\/vc_column_inner][vc_column_inner width=&#8221;1\/3&#8243;][vc_column_text]\n<h4 style=\"text-align: center\">In partnership with<\/h4>\n[\/vc_column_text][vc_single_image image=&#8221;22750&#8243; img_size=&#8221;full&#8221; alignment=&#8221;center&#8221;][\/vc_column_inner][vc_column_inner width=&#8221;1\/3&#8243;][\/vc_column_inner][\/vc_row_inner][\/vc_column][vc_column width=&#8221;1\/6&#8243;][\/vc_column][\/vc_row]\n","protected":false},"excerpt":{"rendered":"<p>[vc_row][vc_column][vc_row_inner equal_height=&#8221;yes&#8221;][vc_column_inner width=&#8221;1\/2&#8243;][vc_column_text el_class=&#8221;py-2 px-3&#8243;] NUOVE SOLUZIONI PER I PROFESSIONISTI DEL CANTIERE SAIE \u00e8 la fiera che rappresenta la pi\u00f9 grande community di imprese, professionisti e associazioni del settore delle costruzioni. Partecipare a SAIE \u00e8 sinonimo di tante opportunit\u00e0. Un forte moltiplicatore commerciale; un momento di aggiornamento professionale; un appuntamento per scoprire l\u2019eccellenza di tutta [&hellip;]<\/p>\n","protected":false},"author":1,"featured_media":0,"parent":0,"menu_order":0,"comment_status":"closed","ping_status":"closed","template":"homepage.php","meta":[],"acf":[],"aioseo_notices":[],"_links":{"self":[{"href":"https:\/\/saiebari-staging2026.senaf.it\/it\/wp-json\/wp\/v2\/pages\/7"}],"collection":[{"href":"https:\/\/saiebari-staging2026.senaf.it\/it\/wp-json\/wp\/v2\/pages"}],"about":[{"href":"https:\/\/saiebari-staging2026.senaf.it\/it\/wp-json\/wp\/v2\/types\/page"}],"author":[{"embeddable":true,"href":"https:\/\/saiebari-staging2026.senaf.it\/it\/wp-json\/wp\/v2\/users\/1"}],"replies":[{"embeddable":true,"href":"https:\/\/saiebari-staging2026.senaf.it\/it\/wp-json\/wp\/v2\/comments?post=7"}],"version-history":[{"count":6,"href":"https:\/\/saiebari-staging2026.senaf.it\/it\/wp-json\/wp\/v2\/pages\/7\/revisions"}],"predecessor-version":[{"id":24122,"href":"https:\/\/saiebari-staging2026.senaf.it\/it\/wp-json\/wp\/v2\/pages\/7\/revisions\/24122"}],"wp:attachment":[{"href":"https:\/\/saiebari-staging2026.senaf.it\/it\/wp-json\/wp\/v2\/media?parent=7"}],"curies":[{"name":"wp","href":"https:\/\/api.w.org\/{rel}","templated":true}]}}