{"id":5435,"date":"2021-03-18T14:42:01","date_gmt":"2021-03-18T14:42:01","guid":{"rendered":"https:\/\/www.saiebari.it\/?page_id=5435"},"modified":"2025-10-27T15:18:19","modified_gmt":"2025-10-27T15:18:19","slug":"feedback-visitatori","status":"publish","type":"page","link":"https:\/\/saiebari-staging2026.senaf.it\/it\/feedback-visitatori\/","title":{"rendered":"Recensioni dei visitatori"},"content":{"rendered":"[vc_row equal_height=&#8221;yes&#8221; el_class=&#8221;my-1&#8243;][vc_column][vc_row_inner equal_height=&#8221;yes&#8221; content_placement=&#8221;top&#8221;][vc_column_inner el_class=&#8221;py-lg-2 px-lg-5&#8243; width=&#8221;2\/3&#8243;][vc_column_text]\n<h3>I nostri visitatori percepiscono la fiera come un&#8217;<strong>occasione<\/strong> utile per la crescita<strong>\u00a0della loro attivit\u00e0<\/strong>, <strong>per valutare le novit\u00e0 del mercato e aggiornarsi<\/strong>.<\/h3>\n<p><span style=\"color: #f7b71f;font-size: 28px;line-height: 36px;font-weight: bold\">75% <\/span>partecipa per scoprire le novit\u00e0<\/p>\n<p><span style=\"color: #f7b71f;font-size: 28px;line-height: 36px;font-weight: bold\">64%<\/span> partecipa per informarsi su prodotti e servizi<\/p>\n<p><span style=\"color: #f7b71f;font-size: 28px;line-height: 36px;font-weight: bold\">57%<\/span> ricerca formazione e aggiornamento tecnico[\/vc_column_text][vc_empty_space][vc_column_text el_class=&#8221;text-center&#8221;]\n<h4 style=\"text-align: left\"><span style=\"color: #f7b71f\"><em>Visita SAIE: business, networking e formazione nello stesso posto e in unico momento!<\/em><\/span><\/h4>\n[\/vc_column_text][vc_column_text]\n<p style=\"text-align: right\"><span style=\"color: #333333\"><em>*Dati relativi alla Customer Satisfaction <\/em><em>di SAIE BARI 2023<\/em><\/span><\/p>\n[\/vc_column_text][\/vc_column_inner][vc_column_inner el_class=&#8221;p-1 p-sm-3 p-lg-4 bg-darker&#8221; width=&#8221;1\/3&#8243; offset=&#8221;vc_hidden-sm vc_hidden-xs&#8221;][vc_column_text]\n<h3>Visitatori<\/h3>\n[\/vc_column_text][vc_wp_custommenu nav_menu=&#8221;5&#8243;][\/vc_column_inner][\/vc_row_inner][\/vc_column][\/vc_row][vc_row][vc_column][vc_column_text]\n[\/vc_column_text][\/vc_column][\/vc_row][vc_row equal_height=&#8221;yes&#8221; el_class=&#8221;my-1&#8243;][vc_column css=&#8221;.vc_custom_1521217825246{padding-top: 0px !important;}&#8221;][vc_row_inner equal_height=&#8221;yes&#8221; content_placement=&#8221;middle&#8221;][vc_column_inner el_class=&#8221;py-lg-2 px-lg-5&#8243;][vc_column_text]\n<div class=\"wpb_text_column wpb_content_element \">\n<div class=\"wpb_wrapper\">\n<h3 style=\"text-align: center\"><b>Esperienze e feedback dei professionisti che hanno visitato SAIE<\/b><\/h3>\n<p style=\"text-align: center\"><em>Ecco alcune testimonianze che evidenziano il riscontro del pubblico alle precedenti edizioni.<\/em><\/p>\n<\/div>\n<\/div>\n[\/vc_column_text][\/vc_column_inner][\/vc_row_inner][vc_row_inner equal_height=&#8221;yes&#8221; content_placement=&#8221;middle&#8221; el_class=&#8221;px-lg-5&#8243;][vc_column_inner el_class=&#8221;py-lg-1 px-lg-1&#8243; width=&#8221;1\/3&#8243; css=&#8221;.vc_custom_1705508278562{background-color: #eb5b37 !important;}&#8221;][vc_column_text css_animation=&#8221;fadeIn&#8221;]\n<p style=\"text-align: center\"><span style=\"font-weight: bold;font-style: italic;font-size: 14px;line-height: 20px;color: #ffffff\">\u00abIl luogo ideale dove scambiare opinioni, sviluppare contatti, scoprire e toccare con mano nuovi prodotti!\u00bb<br \/>\n<\/span><span style=\"font-size: 14px;line-height: 20px;color: #eaeaea\">Juan Pablo M. &#8211; Costruttore<\/span><\/p>\n[\/vc_column_text][\/vc_column_inner][vc_column_inner el_class=&#8221;py-lg-1 px-lg-1&#8243; width=&#8221;1\/3&#8243; css=&#8221;.vc_custom_1705508381528{background-color: #eaeaea !important;}&#8221;][vc_column_text css_animation=&#8221;fadeIn&#8221;]\n<p style=\"text-align: center\"><span style=\"font-weight: bold;font-style: italic;font-size: 14px;line-height: 20px\">\u00abFiera molto interessante dal punto di vista delle innovazioni tecnologiche. Si incontrano fornitori spacializzati e si ha la possibilit\u00e0 di allargare la propria rete professionale\u00bb<br \/>\n<\/span><span style=\"font-size: 14px;line-height: 20px;color: #808080\">Luciano P. &#8211; Responsabile Marketing<\/span><\/p>\n[\/vc_column_text][\/vc_column_inner][vc_column_inner el_class=&#8221;py-lg-1 px-lg-1&#8243; width=&#8221;1\/3&#8243; css=&#8221;.vc_custom_1705508297378{background-color: #f8b43f !important;}&#8221;][vc_column_text css_animation=&#8221;fadeIn&#8221;]\n<p style=\"text-align: center\"><span style=\"font-weight: bold;font-style: italic;font-size: 14px;line-height: 20px;color: #ffffff\">\u00abHo trovato la manifestazione interessante, oltre ad essere una buona opportunit\u00e0 per conoscere strumenti di lavoro e software sempre pi\u00f9 innovativi e di ultima generazione\u00bb<br \/>\n<\/span><span style=\"font-size: 14px;line-height: 20px;color: #eaeaea\">Marco T. &#8211; Studio di Progettazione<\/span><\/p>\n[\/vc_column_text][\/vc_column_inner][\/vc_row_inner][vc_row_inner equal_height=&#8221;yes&#8221; content_placement=&#8221;middle&#8221; el_class=&#8221;px-lg-5&#8243;][vc_column_inner el_class=&#8221;py-lg-1 px-lg-1&#8243; width=&#8221;1\/3&#8243; css=&#8221;.vc_custom_1705508381528{background-color: #eaeaea !important;}&#8221;][vc_column_text css_animation=&#8221;fadeIn&#8221;]\n<p style=\"text-align: center\"><span style=\"font-weight: bold;font-style: italic;font-size: 14px;line-height: 20px\">\u00abVisitare SAIE vuol dire scoprire nuove tecniche di applicazione e materiali edili innovativi, oltre a garantire una formazione tecnica e professionale anche grazie alle aree dimostrative e agli eventi\u00bb<br \/>\n<\/span><span style=\"font-size: 14px;line-height: 20px;color: #808080\">Luigi A. &#8211; Responsabile Acquisti<\/span><\/p>\n[\/vc_column_text][\/vc_column_inner][vc_column_inner el_class=&#8221;py-lg-1 px-lg-1&#8243; width=&#8221;1\/3&#8243; css=&#8221;.vc_custom_1705508297378{background-color: #f8b43f !important;}&#8221;][vc_column_text css_animation=&#8221;fadeIn&#8221;]\n<p style=\"text-align: center\"><span style=\"font-weight: bold;font-style: italic;font-size: 14px;line-height: 20px;color: #ffffff\">\u00abOttima copertura degli interessi di settore con un ampia gamma di espositori in diversi ambiti di interesse. Molto bello toccare con mano le nuove tecnologie ed un&#8217;ottimo livello in termini di contenuti tecnici e formativi\u00bb<br \/>\n<\/span><span style=\"font-size: 14px;line-height: 20px;color: #eaeaea\">Amando G. &#8211; Progettista<\/span><\/p>\n[\/vc_column_text][\/vc_column_inner][vc_column_inner el_class=&#8221;py-lg-1 px-lg-1&#8243; width=&#8221;1\/3&#8243; css=&#8221;.vc_custom_1705508410950{background-color: #eaeaea !important;}&#8221;][vc_column_text css_animation=&#8221;fadeIn&#8221;]\n<p style=\"text-align: center\"><span style=\"font-weight: bold;font-style: italic;font-size: 14px;line-height: 20px\">\u00ab\u00c8 l&#8217;appuntamento di riferimento per un tecnico professionista operante nel mondo dell\u2019edilizia\u00bb<br \/>\n<\/span><span style=\"font-size: 14px;line-height: 20px;color: #808080\">Mirko F. &#8211; Tecnico Specializzato<\/span><\/p>\n[\/vc_column_text][\/vc_column_inner][\/vc_row_inner][vc_row_inner equal_height=&#8221;yes&#8221; content_placement=&#8221;middle&#8221; el_class=&#8221;px-lg-5&#8243;][vc_column_inner el_class=&#8221;py-lg-1 px-lg-1&#8243; width=&#8221;1\/3&#8243; css=&#8221;.vc_custom_1705508297378{background-color: #f8b43f !important;}&#8221;][vc_column_text css_animation=&#8221;fadeIn&#8221;]\n<p style=\"text-align: center\"><span style=\"font-weight: bold;font-style: italic;font-size: 14px;line-height: 20px;color: #ffffff\">\u00abNumerose aree dimostrative dove trovare spunti ed essere informati e formati sulle novit\u00e0 applicative del settore Edilizia\u00bb<br \/>\n<\/span><span style=\"font-size: 14px;line-height: 20px;color: #eaeaea\">Giovanni P. &#8211; Posatore<\/span><\/p>\n[\/vc_column_text][\/vc_column_inner][vc_column_inner el_class=&#8221;py-lg-1 px-lg-1&#8243; width=&#8221;1\/3&#8243; css=&#8221;.vc_custom_1705508381528{background-color: #eaeaea !important;}&#8221;][vc_column_text css_animation=&#8221;fadeIn&#8221;]\n<p style=\"text-align: center\"><span style=\"font-weight: bold;font-style: italic;font-size: 14px;line-height: 20px\">\u00ab\u00c8 sicuramente un&#8217;esperienza di crescita professionale per chi \u00e8 del settore\u2026 oltre che essere un modo ottimale per fare networking ed ottenere nuovi collegamenti\u00bb<br \/>\n<\/span><span style=\"font-size: 14px;line-height: 20px;color: #808080\">Antonello D. &#8211; Serramentista<\/span><\/p>\n[\/vc_column_text][\/vc_column_inner][vc_column_inner el_class=&#8221;py-lg-1 px-lg-1&#8243; width=&#8221;1\/3&#8243; css=&#8221;.vc_custom_1705508278562{background-color: #eb5b37 !important;}&#8221;][vc_column_text css_animation=&#8221;fadeIn&#8221;]\n<p style=\"text-align: center\"><span style=\"font-weight: bold;font-style: italic;font-size: 14px;line-height: 20px;color: #ffffff\">\u00abFiera molto ben organizzata e con larga partecipazione di aziende operanti nei vari campi dei lavori edili ed infrastrutturali. Particolare menzione per il folto programma di eventi e convegni\u00bb<br \/>\n<\/span><span style=\"font-size: 14px;line-height: 20px;color: #eaeaea\">Caterina L. &#8211; Distributore<\/span><\/p>\n[\/vc_column_text][\/vc_column_inner][\/vc_row_inner][vc_row_inner equal_height=&#8221;yes&#8221; content_placement=&#8221;middle&#8221; el_class=&#8221;px-lg-5&#8243;][vc_column_inner el_class=&#8221;py-lg-1 px-lg-1&#8243; width=&#8221;1\/3&#8243; css=&#8221;.vc_custom_1705508381528{background-color: #eaeaea !important;}&#8221;][vc_column_text css_animation=&#8221;fadeIn&#8221;]\n<p style=\"text-align: center\"><span style=\"font-weight: bold;font-style: italic;font-size: 14px;line-height: 20px\">\u00ab\u00c8 un appuntamento importante ed un\u2019ottima occasione per entrare in contatto con esperti del settore e scoprire le innovazioni della filiera grazie alla presentazione delle ultime tecnologie nel settore delle costruzioni\u00bb<br \/>\n<\/span><span style=\"font-size: 14px;line-height: 20px;color: #808080\">Domenico D. &#8211; Manutentore<\/span><\/p>\n[\/vc_column_text][\/vc_column_inner][vc_column_inner el_class=&#8221;py-lg-1 px-lg-1&#8243; width=&#8221;1\/3&#8243; css=&#8221;.vc_custom_1705571860171{background-color: #eb5b37 !important;}&#8221;][vc_column_text css_animation=&#8221;fadeIn&#8221;]\n<p style=\"text-align: center\"><span style=\"font-weight: bold;font-style: italic;font-size: 14px;line-height: 20px;color: #ffffff\">\u00abCredo sia un&#8217;ottima fiera di settore dove fare il punto sul mercato edilizio ad ampio spettro, anche attraverso i diversi eventi organizzati\u00bb<br \/>\n<\/span><span style=\"font-size: 14px;line-height: 20px;color: #eaeaea\">Azzurra V. &#8211; Direttore Lavori<\/span><\/p>\n[\/vc_column_text][\/vc_column_inner][vc_column_inner el_class=&#8221;py-lg-1 px-lg-1&#8243; width=&#8221;1\/3&#8243; css=&#8221;.vc_custom_1705508410950{background-color: #eaeaea !important;}&#8221;][vc_column_text css_animation=&#8221;fadeIn&#8221;]\n<p style=\"text-align: center\"><span style=\"font-weight: bold;font-style: italic;font-size: 14px;line-height: 20px\">\u00abIl luogo in cui trovare i maggiori player del settore in un colpo solo, con cui confrontarsi e creare subito una connessione per poi costruire una relazione lavorativa\u00bb<br \/>\n<\/span><span style=\"font-size: 14px;line-height: 20px;color: #808080\">Laura S. &#8211; Installatore<\/span><\/p>\n[\/vc_column_text][\/vc_column_inner][\/vc_row_inner][\/vc_column][\/vc_row][vc_row][vc_column][vc_row_inner][vc_column_inner][vc_column_text]\n<p style=\"text-align: center\"><a class=\"btn btn-lg btn-primary my-0\" href=\"https:\/\/www.saiebari.it\/it\/iniziative-speciali\/\">Scopri le iniziative di SAIE Bari 2025<\/a><\/p>\n[\/vc_column_text][\/vc_column_inner][\/vc_row_inner][\/vc_column][\/vc_row]\n","protected":false},"excerpt":{"rendered":"<p>[vc_row equal_height=&#8221;yes&#8221; el_class=&#8221;my-1&#8243;][vc_column][vc_row_inner equal_height=&#8221;yes&#8221; content_placement=&#8221;top&#8221;][vc_column_inner el_class=&#8221;py-lg-2 px-lg-5&#8243; width=&#8221;2\/3&#8243;][vc_column_text] I nostri visitatori percepiscono la fiera come un&#8217;occasione utile per la crescita\u00a0della loro attivit\u00e0, per valutare le novit\u00e0 del mercato e aggiornarsi. 75% partecipa per scoprire le novit\u00e0 64% partecipa per informarsi su prodotti e servizi 57% ricerca formazione e aggiornamento tecnico[\/vc_column_text][vc_empty_space][vc_column_text el_class=&#8221;text-center&#8221;] Visita SAIE: business, networking [&hellip;]<\/p>\n","protected":false},"author":19,"featured_media":16901,"parent":0,"menu_order":0,"comment_status":"closed","ping_status":"closed","template":"","meta":[],"acf":[],"aioseo_notices":[],"_links":{"self":[{"href":"https:\/\/saiebari-staging2026.senaf.it\/it\/wp-json\/wp\/v2\/pages\/5435"}],"collection":[{"href":"https:\/\/saiebari-staging2026.senaf.it\/it\/wp-json\/wp\/v2\/pages"}],"about":[{"href":"https:\/\/saiebari-staging2026.senaf.it\/it\/wp-json\/wp\/v2\/types\/page"}],"author":[{"embeddable":true,"href":"https:\/\/saiebari-staging2026.senaf.it\/it\/wp-json\/wp\/v2\/users\/19"}],"replies":[{"embeddable":true,"href":"https:\/\/saiebari-staging2026.senaf.it\/it\/wp-json\/wp\/v2\/comments?post=5435"}],"version-history":[{"count":4,"href":"https:\/\/saiebari-staging2026.senaf.it\/it\/wp-json\/wp\/v2\/pages\/5435\/revisions"}],"predecessor-version":[{"id":23648,"href":"https:\/\/saiebari-staging2026.senaf.it\/it\/wp-json\/wp\/v2\/pages\/5435\/revisions\/23648"}],"wp:featuredmedia":[{"embeddable":true,"href":"https:\/\/saiebari-staging2026.senaf.it\/it\/wp-json\/wp\/v2\/media\/16901"}],"wp:attachment":[{"href":"https:\/\/saiebari-staging2026.senaf.it\/it\/wp-json\/wp\/v2\/media?parent=5435"}],"curies":[{"name":"wp","href":"https:\/\/api.w.org\/{rel}","templated":true}]}}