{"id":4286,"date":"2020-10-30T14:58:46","date_gmt":"2020-10-30T14:58:46","guid":{"rendered":"https:\/\/www.saiebari.it\/?page_id=4286"},"modified":"2025-10-28T11:36:20","modified_gmt":"2025-10-28T11:36:20","slug":"visitatori","status":"publish","type":"page","link":"https:\/\/saiebari-staging2026.senaf.it\/it\/visitatori\/","title":{"rendered":"Chi sono i visitatori di SAIE BARI?"},"content":{"rendered":"[vc_row equal_height=&#8221;yes&#8221; el_class=&#8221;my-1&#8243;][vc_column][vc_row_inner equal_height=&#8221;yes&#8221; content_placement=&#8221;top&#8221;][vc_column_inner el_class=&#8221;py-lg-2 px-lg-5&#8243; width=&#8221;2\/3&#8243;][vc_column_text]\n<h2>SAIE BARI \u00e8 il pi\u00f9 importante evento del Centro Sud Italia, per conoscere tutte le novit\u00e0 presenti sul mercato delle costruzioni<\/h2>\n[\/vc_column_text][vc_column_text]Crea spunti di riflessione per aprire nuove strade di\u00a0<strong>sviluppo professionale,\u00a0<\/strong>fornisce ai visitatori <strong>contenuti innovativi<\/strong>\u00a0e\u00a0<strong>di interesse<\/strong>, offre un luogo per incontrarsi e <strong>sviluppare il business.<\/strong><\/p>\n<p><em><strong>Dei visitatori di SAIE:<\/strong><\/em><br \/>\n<span style=\"color: #f7b71f;font-size: 28px;line-height: 36px;font-weight: bold\">78%<\/span> sono decisori d&#8217;acquisto<br \/>\n<span style=\"color: #f7b71f;font-size: 28px;line-height: 36px;font-weight: bold\">13%<\/span> influenza scelte d\u2019acquisto[\/vc_column_text][vc_separator][vc_column_text css=&#8221;.vc_custom_1753687158424{margin-bottom: 0px !important;}&#8221; el_class=&#8221;my-2&#8243;]\n<h4 style=\"text-align: left\">La collaborazione con le principali associazioni e ordini di categoria garantisce la presenza di un pubblico professionale, qualificato e trasversale.<\/h4>\n<p style=\"text-align: left\">I partner istituzionali di SAIE aggregano e coinvolgono i visitatori proponendo iniziative speciali, aree dimostrative, momenti di networking e di aggiornamento tecnico durante tutta la manifestazione.<\/p>\n[\/vc_column_text][vc_column_text el_class=&#8221;my-1&#8243;]<a class=\"btn btn-lg my-0\" href=\"\/it\/patrocini\" target=\"_blank\" rel=\"noopener\">Scopri le collaborazioni SAIE Bari 2025<\/a>[\/vc_column_text][\/vc_column_inner][vc_column_inner el_class=&#8221;p-1 p-sm-3 p-lg-4 bg-darker&#8221; width=&#8221;1\/3&#8243; offset=&#8221;vc_hidden-xs&#8221;][vc_column_text]\n<h3 class=\"mt-0\">Visitatori<\/h3>\n[\/vc_column_text][vc_wp_custommenu nav_menu=&#8221;5&#8243;][\/vc_column_inner][\/vc_row_inner][\/vc_column][\/vc_row]\n[vc_row css=&#8221;.vc_custom_1667907334564{background-image: url(\/public\/uploads\/sites\/13\/home.png?id=3400) !important;}&#8221;][vc_column][vc_column_text]\n<h5 style=\"text-align: center\"><span style=\"color: #ffffff\"><em>I numeri di SAIE Bari 2025<\/em><\/span><\/h5>\n[\/vc_column_text][vc_row_inner][vc_column_inner width=&#8221;1\/4&#8243;][vc_column_text]\n<div class=\"big-number\" style=\"text-align: center\"><span style=\"color: #ffffff\"><strong><span style=\"font-size: 72px\">31.728<\/span><\/strong><\/span><\/div>\n<div class=\"big-number\" style=\"text-align: center\"><span style=\"color: #ffffff\"><strong><span style=\"font-size: 32px\">presenze professionali<\/span><\/strong><\/span><\/div>\n<p style=\"text-align: center\"><em><span style=\"color: #ffffff\">(+24% rispetto al 2023)<\/span><\/em><\/p>\n[\/vc_column_text][\/vc_column_inner][vc_column_inner width=&#8221;1\/4&#8243;][vc_column_text]\n<div class=\"big-number\" style=\"text-align: center\"><span style=\"color: #ffffff\"><strong><span style=\"font-size: 72px\">512<\/span><\/strong><\/span><\/div>\n<div class=\"big-number\" style=\"text-align: center\"><span style=\"color: #ffffff\"><strong><span style=\"font-size: 32px\">espositori<\/span><\/strong><\/span><\/div>\n<p style=\"text-align: center\"><em><span style=\"color: #ffffff\">(+3 padiglioni rispetto al 2023)<\/span><\/em><\/p>\n[\/vc_column_text][\/vc_column_inner][vc_column_inner width=&#8221;1\/4&#8243;][vc_column_text]\n<div class=\"big-number\" style=\"text-align: center\"><span style=\"color: #ffffff\"><strong><span style=\"font-size: 72px\">147<\/span><\/strong><\/span><\/div>\n<div class=\"big-number\" style=\"text-align: center\"><span style=\"color: #ffffff\"><strong><span style=\"font-size: 32px\">convegni e workshop<\/span><\/strong><\/span><\/div>\n[\/vc_column_text][\/vc_column_inner][vc_column_inner width=&#8221;1\/4&#8243;][vc_column_text]\n<div class=\"big-number\" style=\"text-align: center\"><span style=\"color: #ffffff\"><strong><span style=\"font-size: 72px\">80<\/span><\/strong><\/span><\/div>\n<div class=\"big-number\" style=\"text-align: center\"><span style=\"color: #ffffff\"><strong><span style=\"font-size: 32px\">associazioni partner<\/span><\/strong><\/span><\/div>\n[\/vc_column_text][\/vc_column_inner][\/vc_row_inner][\/vc_column][\/vc_row]\n[vc_row equal_height=&#8221;yes&#8221; content_placement=&#8221;middle&#8221; el_class=&#8221;my-1&#8243; css=&#8221;.vc_custom_1668424484670{margin-bottom: 0px !important;}&#8221;][vc_column el_class=&#8221;p-1 p-sm-3 p-lg-4&#8243;][vc_row_inner][vc_column_inner width=&#8221;1\/6&#8243;][\/vc_column_inner][vc_column_inner width=&#8221;2\/3&#8243;][vc_column_text]\n<h4 style=\"text-align: center\"><strong><em>L\u2019offerta espositiva e formativa si rivolge a tutte le figure professionali, che a diverso titolo operano nel settore dell\u2019edilizia*<\/em><\/strong><\/h4>\n[\/vc_column_text][\/vc_column_inner][vc_column_inner width=&#8221;1\/6&#8243;][\/vc_column_inner][\/vc_row_inner][vc_row_inner][vc_column_inner width=&#8221;1\/3&#8243;][vc_column_text]\n<h2 style=\"text-align: center\"><span style=\"color: #f7b43e\">75%<\/span><\/h2>\n<div class=\"small-number\" style=\"text-align: center\"><span style=\"color: #f7b43e\"><strong><span style=\"font-size: 24px\">partecipa per scoprire le novit\u00e0<\/span><\/strong><\/span><\/div>\n[\/vc_column_text][\/vc_column_inner][vc_column_inner width=&#8221;1\/3&#8243;][vc_column_text]\n<h2 style=\"text-align: center\"><span style=\"color: #f7b43e\">64%<\/span><\/h2>\n<div style=\"text-align: center\"><span style=\"color: #f7b43e\"><strong><span style=\"font-size: 24px\">partecipa per informarsi su prodotti e servizi<\/span><\/strong><\/span><\/div>\n[\/vc_column_text][\/vc_column_inner][vc_column_inner width=&#8221;1\/3&#8243;][vc_column_text]\n<h2 style=\"text-align: center\"><span style=\"color: #f7b43e\">57%<\/span><\/h2>\n<div class=\"small-number\" style=\"text-align: center\"><span style=\"color: #f7b43e\"><strong><span style=\"font-size: 24px\">ricerca formazione e aggiornamento tecnico<\/span><\/strong><\/span><\/div>\n[\/vc_column_text][\/vc_column_inner][\/vc_row_inner][vc_empty_space height=&#8221;100px&#8221;][vc_column_text]\n<p style=\"text-align: right\"><em>*Dati relativi alla Customer Satisfaction di SAIE BARI 2023<\/em><\/p>\n[\/vc_column_text][\/vc_column][\/vc_row][vc_row][vc_column][vc_row_inner][vc_column_inner][vc_column_text]\n<h4 style=\"text-align: center\"><strong><em>A chi ci rivolgiamo?<\/em><\/strong><\/h4>\n[\/vc_column_text][\/vc_column_inner][\/vc_row_inner][vc_row_inner][vc_column_inner el_class=&#8221;py-lg-2 px-lg-5&#8243; width=&#8221;1\/2&#8243;][vc_text_separator title=&#8221;Professionisti&#8221; color=&#8221;orange&#8221;][vc_single_image image=&#8221;8149&#8243; img_size=&#8221;large&#8221; alignment=&#8221;center&#8221;][\/vc_column_inner][vc_column_inner el_class=&#8221;py-lg-2 px-lg-5&#8243; width=&#8221;1\/2&#8243;][vc_text_separator title=&#8221;Ambito di lavoro&#8221; color=&#8221;orange&#8221;][vc_single_image image=&#8221;8151&#8243; img_size=&#8221;large&#8221; alignment=&#8221;center&#8221;][\/vc_column_inner][\/vc_row_inner][\/vc_column][\/vc_row][vc_row][vc_column width=&#8221;1\/4&#8243;][\/vc_column][vc_column width=&#8221;1\/2&#8243;][vc_column_text]\n<p style=\"text-align: center\"><a class=\"btn btn-lg btn-primary my-1\" href=\"\/it\/feedback-visitatori\/\">Cosa dice di noi chi ha visitato SAIE<\/a>\u00a0 <a class=\"btn btn-lg btn-primary my-1\" href=\"\/it\/contatti\/\">Richiedi Informazioni<\/a><\/p>\n[\/vc_column_text][\/vc_column][vc_column width=&#8221;1\/4&#8243;][\/vc_column][\/vc_row]\n","protected":false},"excerpt":{"rendered":"<p>[vc_row equal_height=&#8221;yes&#8221; el_class=&#8221;my-1&#8243;][vc_column][vc_row_inner equal_height=&#8221;yes&#8221; content_placement=&#8221;top&#8221;][vc_column_inner el_class=&#8221;py-lg-2 px-lg-5&#8243; width=&#8221;2\/3&#8243;][vc_column_text] SAIE BARI \u00e8 il pi\u00f9 importante evento del Centro Sud Italia, per conoscere tutte le novit\u00e0 presenti sul mercato delle costruzioni [\/vc_column_text][vc_column_text]Crea spunti di riflessione per aprire nuove strade di\u00a0sviluppo professionale,\u00a0fornisce ai visitatori contenuti innovativi\u00a0e\u00a0di interesse, offre un luogo per incontrarsi e sviluppare il business. Dei visitatori [&hellip;]<\/p>\n","protected":false},"author":19,"featured_media":16901,"parent":0,"menu_order":0,"comment_status":"closed","ping_status":"closed","template":"","meta":[],"acf":[],"aioseo_notices":[],"_links":{"self":[{"href":"https:\/\/saiebari-staging2026.senaf.it\/it\/wp-json\/wp\/v2\/pages\/4286"}],"collection":[{"href":"https:\/\/saiebari-staging2026.senaf.it\/it\/wp-json\/wp\/v2\/pages"}],"about":[{"href":"https:\/\/saiebari-staging2026.senaf.it\/it\/wp-json\/wp\/v2\/types\/page"}],"author":[{"embeddable":true,"href":"https:\/\/saiebari-staging2026.senaf.it\/it\/wp-json\/wp\/v2\/users\/19"}],"replies":[{"embeddable":true,"href":"https:\/\/saiebari-staging2026.senaf.it\/it\/wp-json\/wp\/v2\/comments?post=4286"}],"version-history":[{"count":5,"href":"https:\/\/saiebari-staging2026.senaf.it\/it\/wp-json\/wp\/v2\/pages\/4286\/revisions"}],"predecessor-version":[{"id":23700,"href":"https:\/\/saiebari-staging2026.senaf.it\/it\/wp-json\/wp\/v2\/pages\/4286\/revisions\/23700"}],"wp:featuredmedia":[{"embeddable":true,"href":"https:\/\/saiebari-staging2026.senaf.it\/it\/wp-json\/wp\/v2\/media\/16901"}],"wp:attachment":[{"href":"https:\/\/saiebari-staging2026.senaf.it\/it\/wp-json\/wp\/v2\/media?parent=4286"}],"curies":[{"name":"wp","href":"https:\/\/api.w.org\/{rel}","templated":true}]}}