{"id":21,"date":"2018-10-30T15:52:36","date_gmt":"2018-10-30T15:52:36","guid":{"rendered":"https:\/\/www.saiebari.it\/?page_id=21"},"modified":"2024-12-03T11:35:38","modified_gmt":"2024-12-03T11:35:38","slug":"strumenti-di-comunicazione","status":"publish","type":"page","link":"https:\/\/saiebari-staging2026.senaf.it\/it\/strumenti-di-comunicazione\/","title":{"rendered":"Strumenti di comunicazione"},"content":{"rendered":"[vc_row equal_height=&#8221;yes&#8221; el_class=&#8221;my-1&#8243;][vc_column][vc_row_inner equal_height=&#8221;yes&#8221; content_placement=&#8221;top&#8221;][vc_column_inner el_class=&#8221;py-lg-2 px-lg-5&#8243; width=&#8221;2\/3&#8243;][vc_column_text]\n<h2>La promozione dell&#8217;edizione precedente<\/h2>\n<p><span style=\"font-size: 24px;line-height: 20px\"><strong>311.838<\/strong><\/span>\u00a0<strong>professionisti raggiunti<\/strong> dalle newsletter informative<\/p>\n<p><span style=\"font-size: 24px;line-height: 20px\"><strong>22<\/strong><\/span>\u00a0<strong>pagine pubblicitarie<\/strong> sui quotidiani<\/p>\n<p><span style=\"font-size: 24px;line-height: 20px\"><strong>182<\/strong><\/span>\u00a0<strong>spot radio<\/strong><\/p>\n<p><span style=\"font-size: 24px;line-height: 20px\"><strong>51<\/strong><\/span> <strong>newsletter inviate<br \/>\n<\/strong><\/p>\n<p><span style=\"font-size: 24px;line-height: 20px\"><strong>58<\/strong><\/span>\u00a0<strong>DEM<\/strong> su portali tecnici<\/p>\n<p><span style=\"font-size: 24px;line-height: 20px\"><strong>106<\/strong><\/span>\u00a0<strong>pagine pubblicitarie<\/strong> su riviste tecniche<\/p>\n<p><span style=\"font-size: 24px;line-height: 20px\"><strong>382<\/strong><\/span>\u00a0notizie su <strong>quotidiani, periodici, agenzie stampa e radio<\/strong><\/p>\n<p><span style=\"font-size: 24px;line-height: 20px\"><strong>101.577<\/strong><\/span> visite al <strong>sito<\/strong><\/p>\n<p><span style=\"font-size: 24px;line-height: 20px\"><strong>585.053<\/strong><\/span>\u00a0pagine del <strong>sito visitate<\/strong><\/p>\n<p><span style=\"font-size: 24px;line-height: 20px\"><strong>11.387<\/strong><\/span> follower sul profilo <strong>Facebook<\/strong><\/p>\n<p><span style=\"font-size: 24px;line-height: 20px\"><strong>1.165<\/strong><\/span>\u00a0follower sul profilo <strong>Instagram<\/strong><\/p>\n<p><span style=\"font-size: 24px;line-height: 20px\"><strong>3.106<\/strong><\/span>\u00a0follower sul profilo <strong>Linkedin<\/strong><\/p>\n<p><span style=\"font-size: 24px;line-height: 20px\"><strong>7.573<\/strong><\/span> follower sul profilo <strong>Twitter\u00a0<\/strong>[\/vc_column_text][\/vc_column_inner][vc_column_inner el_class=&#8221;p-1 p-sm-3 p-lg-4 bg-darker&#8221; width=&#8221;1\/3&#8243; offset=&#8221;vc_hidden-xs&#8221;][vc_column_text]\n<h3 class=\"mt-0\">Espositori<\/h3>\n[\/vc_column_text][vc_wp_custommenu nav_menu=&#8221;4&#8243;][\/vc_column_inner][\/vc_row_inner][\/vc_column][\/vc_row][vc_row equal_height=&#8221;yes&#8221; el_class=&#8221;my-1 bg-gray&#8221; el_id=&#8221;grafiche&#8221;][vc_column el_class=&#8221;p-1 p-sm-3 p-lg-4&#8243; offset=&#8221;vc_col-md-offset-2 vc_col-md-8&#8243;][vc_column_text]\n<h2>Visibilit\u00e0 gratuita per gli espositori<\/h2>\n<p>Per accrescere la propria visibilit\u00e0, oltre alla campagna di comunicazione massiva, ciascuna azienda pu\u00f2 contare su una serie di strumenti specifici ed efficaci, messi a disposizione gratuitamente dalla manifestazione.[\/vc_column_text][vc_row_inner][vc_column_inner][vc_column_text]\n<h3 style=\"text-align: left\">1) Materiali grafici scaricabili gratis<\/h3>\n<p>Per promuovere e pubblicizzare la tua esposizione a SAIE.<\/p>\n<p><a class=\"btn btn-primary outline mt-1 mb-2\" href=\"https:\/\/drive.google.com\/drive\/folders\/1DPZ2W4CQJ3KraT0uR5iv5QVFupVrxdg3?usp=drive_link\" target=\"_blank\" rel=\"noopener noreferrer\">Scarica il Kit Espositori<\/a>[\/vc_column_text][vc_column_text]\n<h3>2) Invito digitale personalizzato<\/h3>\n<p>Avrai la possibilit\u00e0 di inviare ai tuoi clienti un biglietto invito in formato digitale riportante nome dell&#8217;azienda e posizionamento del vostro stand, per ricordare loro l&#8217;appuntamento.[\/vc_column_text][vc_column_text]\n<h3>3) Pubblicit\u00e0 sul sito della Fiera<\/h3>\n<p>Il sito della fiera, sempre aggiornato, viene visitato da oltre 100.000 operatori del settore. Strumento funzionale per organizzare la visita, per richiedere la tessera online e per trovare nuovi fornitori qualificati.[\/vc_column_text][vc_column_text]\n<h3>4) Novit\u00e0 per la stampa<\/h3>\n<p>\u00c8 attivo un efficace servizio che consente di inserire in modo autonomo un comunicato, novit\u00e0 di prodotto e foto. Riceverai una mail con un link che ti permetter\u00e0 di accedere alla tua\u00a0pagina online dove avrai la possibilit\u00e0 di inserire:<\/p>\n<ul>\n<li><b>un comunicato stampa<\/b>\u00a0che evidenzia le novit\u00e0 che proporrai in fiera<\/li>\n<li><strong>schede<\/strong> per i prodotti innovativi<\/li>\n<li>una<strong> foto<\/strong><\/li>\n<\/ul>\n<p>Questi testi promozionali saranno messi a disposizione di tutti i visitatori del sito e dell&#8217;ufficio stampa.[\/vc_column_text][\/vc_column_inner][\/vc_row_inner][vc_separator][vc_column_text el_class=&#8221;text-center&#8221;]\n<p style=\"text-align: left\"><a class=\"btn btn-lg btn-primary my-2\" href=\"\/it\/contatti\/\">Richiedi informazioni<\/a><\/p>\n[\/vc_column_text][\/vc_column][\/vc_row][vc_row equal_height=&#8221;yes&#8221; el_class=&#8221;my-1&#8243;][vc_column][vc_row_inner equal_height=&#8221;yes&#8221; content_placement=&#8221;top&#8221;][vc_column_inner el_class=&#8221;col-img&#8221; width=&#8221;1\/3&#8243; css=&#8221;.vc_custom_1574762956844{background-image: url(\/public\/uploads\/sites\/9\/Strumenti-di-comunicazione-2.jpg?id=5285) !important;background-position: center !important;background-repeat: no-repeat !important;background-size: cover !important;}&#8221;][\/vc_column_inner][vc_column_inner el_class=&#8221;py-lg-2 px-lg-5&#8243; offset=&#8221;vc_col-md-8&#8243;][vc_column_text]\n<h2>Strumenti a richiesta a pagamento<\/h2>\n<p class=\"subtitle\">Su richiesta SAIE mette a tua disposizione importanti strumenti di comunicazione a supporto della tua partecipazione<\/p>\n[\/vc_column_text][vc_column_text]<a class=\"btn btn-lg btn-primary my-2\" href=\"\/it\/contatti\/\">Richiedi informazioni<\/a>[\/vc_column_text][\/vc_column_inner][\/vc_row_inner][\/vc_column][\/vc_row]\n","protected":false},"excerpt":{"rendered":"<p>[vc_row equal_height=&#8221;yes&#8221; el_class=&#8221;my-1&#8243;][vc_column][vc_row_inner equal_height=&#8221;yes&#8221; content_placement=&#8221;top&#8221;][vc_column_inner el_class=&#8221;py-lg-2 px-lg-5&#8243; width=&#8221;2\/3&#8243;][vc_column_text] La promozione dell&#8217;edizione precedente 311.838\u00a0professionisti raggiunti dalle newsletter informative 22\u00a0pagine pubblicitarie sui quotidiani 182\u00a0spot radio 51 newsletter inviate 58\u00a0DEM su portali tecnici 106\u00a0pagine pubblicitarie su riviste tecniche 382\u00a0notizie su quotidiani, periodici, agenzie stampa e radio 101.577 visite al sito 585.053\u00a0pagine del sito visitate 11.387 follower sul profilo [&hellip;]<\/p>\n","protected":false},"author":1,"featured_media":16080,"parent":0,"menu_order":0,"comment_status":"closed","ping_status":"closed","template":"","meta":[],"acf":[],"aioseo_notices":[],"_links":{"self":[{"href":"https:\/\/saiebari-staging2026.senaf.it\/it\/wp-json\/wp\/v2\/pages\/21"}],"collection":[{"href":"https:\/\/saiebari-staging2026.senaf.it\/it\/wp-json\/wp\/v2\/pages"}],"about":[{"href":"https:\/\/saiebari-staging2026.senaf.it\/it\/wp-json\/wp\/v2\/types\/page"}],"author":[{"embeddable":true,"href":"https:\/\/saiebari-staging2026.senaf.it\/it\/wp-json\/wp\/v2\/users\/1"}],"replies":[{"embeddable":true,"href":"https:\/\/saiebari-staging2026.senaf.it\/it\/wp-json\/wp\/v2\/comments?post=21"}],"version-history":[{"count":4,"href":"https:\/\/saiebari-staging2026.senaf.it\/it\/wp-json\/wp\/v2\/pages\/21\/revisions"}],"predecessor-version":[{"id":16530,"href":"https:\/\/saiebari-staging2026.senaf.it\/it\/wp-json\/wp\/v2\/pages\/21\/revisions\/16530"}],"wp:featuredmedia":[{"embeddable":true,"href":"https:\/\/saiebari-staging2026.senaf.it\/it\/wp-json\/wp\/v2\/media\/16080"}],"wp:attachment":[{"href":"https:\/\/saiebari-staging2026.senaf.it\/it\/wp-json\/wp\/v2\/media?parent=21"}],"curies":[{"name":"wp","href":"https:\/\/api.w.org\/{rel}","templated":true}]}}